{"id":37,"date":"2016-04-07T11:23:05","date_gmt":"2016-04-07T10:23:05","guid":{"rendered":"http:\/\/pasquasy.be\/home\/?page_id=37"},"modified":"2023-09-13T08:21:22","modified_gmt":"2023-09-13T07:21:22","slug":"palmares","status":"publish","type":"page","link":"https:\/\/pasquasy.be\/home\/?page_id=37","title":{"rendered":"Palmar\u00e8s"},"content":{"rendered":"<table style=\"border-collapse: collapse; width: 100%;\">\n<tbody>\n<tr>\n<td style=\"vertical-align: top;\"><img loading=\"lazy\" class=\"aligncenter wp-image-205\" src=\"http:\/\/pasquasy.be\/home\/wp-content\/uploads\/2020\/06\/Suisse_WC5_2007_44-768x1024.jpg\" alt=\"\" width=\"493\" height=\"657\" srcset=\"https:\/\/pasquasy.be\/home\/wp-content\/uploads\/2020\/06\/Suisse_WC5_2007_44-768x1024.jpg 768w, https:\/\/pasquasy.be\/home\/wp-content\/uploads\/2020\/06\/Suisse_WC5_2007_44-225x300.jpg 225w, https:\/\/pasquasy.be\/home\/wp-content\/uploads\/2020\/06\/Suisse_WC5_2007_44-1152x1536.jpg 1152w, https:\/\/pasquasy.be\/home\/wp-content\/uploads\/2020\/06\/Suisse_WC5_2007_44.jpg 1536w\" sizes=\"(max-width: 493px) 100vw, 493px\" \/><\/td>\n<td style=\"width: 50%;\"><u><a href=\"http:\/\/runners.worldofo.com\/fabienpasquasy.html\" target=\"_blank\" rel=\"noopener noreferrer\">Plus d&#8217;infos sur Worldofo<\/a><\/u><\/p>\n<p><a href=\"https:\/\/eventor.orienteering.org\/Athletes\/Details\/14680\" target=\"_blank\" rel=\"noopener noreferrer\">Plus d&#8217;infos sur Eventor<\/a><\/p>\n<p><a href=\"https:\/\/dbsportas.lt\/en\/dpaieska?sid=3565\" target=\"_blank\" rel=\"noopener\">R\u00e9sultats d\u00e9taill\u00e9s via dbsportars<\/a><\/p>\n<p><a href=\"http:\/\/pasquasy.be\/home\/?page_id=40\">Plus de r\u00e9sultats et cartes sur mon Doma<\/a><\/p>\n<p>&nbsp;<\/td>\n<\/tr>\n<\/tbody>\n<\/table>\n<h2>Orienteering<\/h2>\n<h4>Junior (H18 &#8211; H20 : 1995\/1998)<\/h4>\n<blockquote><p>6 titres chps Belgique \/ 1 titre chps France \/ 2 titres chps Pays Latins \/ 2* top 10 chps Europe \/ 2* top 20 chps mondiaux<\/p><\/blockquote>\n<input type='hidden' bg_collapse_expand='69f2b30e080687020464911' value='69f2b30e080687020464911'><input type='hidden' id='bg-show-more-text-69f2b30e080687020464911' value='Show More'><input type='hidden' id='bg-show-less-text-69f2b30e080687020464911' value='Show Less'><button id='bg-showmore-action-69f2b30e080687020464911' class='bg-showmore-plg-button bg-orange-button  '   style=\" color:#4a4949;\">Show More<\/button><div id='bg-showmore-hidden-69f2b30e080687020464911' ><\/p>\n<ul>\n<li>\n<h5>Belgique<\/h5>\n<ul>\n<li>Championnats de Belgique\n<ul>\n<li>1er Longue distance &#8211; 1995 (BEL)<\/li>\n<li>1er Longue distance &#8211; 1996 (BEL)<\/li>\n<li>1er Longue distance &#8211; 1997 (BEL)<\/li>\n<li>1er Longue distance &#8211; 1998 (BEL)<\/li>\n<li>1er Moyenne distance &#8211; 1995 (BEL)<\/li>\n<li>1er Moyenne distance &#8211; 1996 (BEL)<\/li>\n<\/ul>\n<\/li>\n<\/ul>\n<\/li>\n<li>\n<h5>France<\/h5>\n<ul>\n<li>Championnats de France\n<ul>\n<li>1er Longue distance &#8211; 1996 (FRA)<\/li>\n<li>2\u00e8me Longue distance &#8211; 1998 (FRA)<\/li>\n<\/ul>\n<\/li>\n<\/ul>\n<\/li>\n<li>\n<h5>International<\/h5>\n<ul>\n<li>Junior World Orienteering Champs (JWOC)\n<ul>\n<li>11\u00e8me Relais &#8211; 1998 (FRA)<\/li>\n<li>18\u00e8me Longue distance &#8211; 1998 (FRA)<\/li>\n<li><a href=\"http:\/\/hoc-net.be\/doma\/show_map.php?user=fabi&amp;map=23\" target=\"_blank\" rel=\"noopener noreferrer\">19\u00e8me Longue distance &#8211; 1997<\/a> (BEL)<\/li>\n<li>32\u00e8me Moyenne distance &#8211; 1998 (FRA)<\/li>\n<li><a href=\"http:\/\/hoc-net.be\/doma\/show_map.php?user=fabi&amp;map=22\" target=\"_blank\" rel=\"noopener noreferrer\">36\u00e8me Moyenne distance &#8211; 1997<\/a> (BEL)<\/li>\n<li><a href=\"http:\/\/hoc-net.be\/doma\/show_map.php?user=fabi&amp;map=16\" target=\"_blank\" rel=\"noopener noreferrer\">41\u00e8me Moyenne distance &#8211; 1996<\/a> (ROU)<\/li>\n<\/ul>\n<\/li>\n<li>Junior Match (JEC)\n<ul>\n<li>4\u00e8me Longue distance &#8211; 1997 (GER)<\/li>\n<li>8\u00e8me Longue distance &#8211; 1998 (GBR)<\/li>\n<\/ul>\n<\/li>\n<li>Nordic Orienteering Champs (NOC)\n<ul>\n<li><a href=\"http:\/\/hoc-net.be\/doma\/show_map.php?user=fabi&amp;map=28\" target=\"_blank\" rel=\"noopener noreferrer\">2\u00e8me premier relais &#8211; 1997<\/a> (DEN)<\/li>\n<\/ul>\n<\/li>\n<li>Championnats du monde scolaires ISF\n<ul>\n<li>6\u00e8me Longue distance &#8211; 1995 (EST)<\/li>\n<\/ul>\n<\/li>\n<li>Championnats des Pays Latins\n<ul>\n<li>1er Longue distance &#8211; 1998 (POR)<\/li>\n<li>1er Moyenne distance &#8211; 1998 (POR)<\/li>\n<\/ul>\n<\/li>\n<li>5 jours de Su\u00e8de (O-Ringen)\n<ul>\n<li>3\u00e8me premi\u00e8re \u00e9tape &#8211; 1997 (SWE)<\/li>\n<\/ul>\n<\/li>\n<li>5 jours de Tch\u00e9quie\n<ul>\n<li>4\u00e8me au g\u00e9n\u00e9ral &#8211; 1997 (CZE)<\/li>\n<\/ul>\n<\/li>\n<\/ul>\n<\/li>\n<\/ul>\n<p><\/div>\n<p>&nbsp;<\/p>\n<h4>Senior (H21E : 1999\/2013)<\/h4>\n<blockquote><p>27 titres chps Belgique \/ 7 titres chps France \/ top 20 chps Europe \/ 4* top 25 chps mondiaux \/ 16* top 30 World Cup<\/p><\/blockquote>\n<input type='hidden' bg_collapse_expand='69f2b30e0809b0055092240' value='69f2b30e0809b0055092240'><input type='hidden' id='bg-show-more-text-69f2b30e0809b0055092240' value='Show More'><input type='hidden' id='bg-show-less-text-69f2b30e0809b0055092240' value='Show Less'><button id='bg-showmore-action-69f2b30e0809b0055092240' class='bg-showmore-plg-button bg-orange-button  '   style=\" color:#4a4949;\">Show More<\/button><div id='bg-showmore-hidden-69f2b30e0809b0055092240' ><\/p>\n<ul>\n<li>\n<h5>Belgique<\/h5>\n<ul>\n<li>Championnats de Belgique\n<ul>\n<li><span style=\"color: #000000;\">27 titres de champion de Belgique <i>(<\/i>8 Long + 9 Middle + 5 Sprint + 1 Relais + 3 Nuit + 1 BCR) (BEL)<\/span><\/li>\n<li><a href=\"http:\/\/hoc-net.be\/doma\/show_map.php?user=fabi&amp;map=32\" target=\"_blank\" rel=\"noopener noreferrer\">1er Longue distance &#8211; 2010<\/a> (BEL)<\/li>\n<li><a href=\"http:\/\/hoc-net.be\/doma\/show_map.php?user=fabi&amp;map=44\" target=\"_blank\" rel=\"noopener noreferrer\">1er Longue distance &#8211; 2020<\/a> (BEL)<\/li>\n<\/ul>\n<\/li>\n<li>3 jours de Belgique\n<ul>\n<li>1er au g\u00e9n\u00e9ral &#8211; 2006 (BEL)<\/li>\n<li>1er au g\u00e9n\u00e9ral &#8211; 2008 (BEL)<\/li>\n<li>1er au g\u00e9n\u00e9ral &#8211; 2010 (BEL)<\/li>\n<li>1er au g\u00e9n\u00e9ral &#8211; 2011 (BEL)<\/li>\n<li>1er au g\u00e9n\u00e9ral &#8211; 2018 (BEL)<\/li>\n<\/ul>\n<\/li>\n<\/ul>\n<\/li>\n<li>\n<h5>France<\/h5>\n<ul>\n<li>Championnats de France\n<ul>\n<li>1er Longue distance &#8211; 2004 (FRA)<\/li>\n<li>1er Nuit &#8211; 2008 (FRA)<\/li>\n<li>1er Relais &#8211; <span style=\"color: #ff0000;\">????<\/span> (FRA)<\/li>\n<li>1er Club &#8211; 2005 (FRA)<\/li>\n<li>1er Club &#8211; <span style=\"color: #ff0000;\">????<\/span> (FRA)<\/li>\n<li>1er Club &#8211; <span style=\"color: #ff0000;\">????<\/span> (FRA)<\/li>\n<li>1er Club &#8211; 2019 (FRA)<\/li>\n<li>2\u00e8me Sprint distance &#8211; 2009 (FRA)<\/li>\n<li>2\u00e8me Relais &#8211; 2014 (FRA)<\/li>\n<li>3\u00e8me Longue distance &#8211; 1999 (FRA)<\/li>\n<\/ul>\n<\/li>\n<li>Criterium National des Equipes (CNE)\n<ul>\n<li>1er CNE &#8211; <span style=\"color: #ff0000;\">????<\/span> (FRA)<\/li>\n<li>1er CNE &#8211; <span style=\"color: #ff0000;\">????<\/span> (FRA)<\/li>\n<\/ul>\n<\/li>\n<li>3 jours de France\n<ul>\n<li>3\u00e8me au g\u00e9n\u00e9ral &#8211; 2009 (FRA)<\/li>\n<\/ul>\n<\/li>\n<li>3 jours d&#8217;Alsace\n<ul>\n<li>1er au g\u00e9n\u00e9ral &#8211; 2005 (FRA)<\/li>\n<li>3\u00e8me au g\u00e9n\u00e9ral &#8211; 2013 (FRA)<\/li>\n<\/ul>\n<\/li>\n<\/ul>\n<\/li>\n<li>\n<h5>Royaume-Uni<\/h5>\n<ul>\n<li>Championnats du Royaume-Uni\n<ul>\n<li>4\u00e8me Moyenne distance &#8211; 2005 (GBR)<\/li>\n<\/ul>\n<\/li>\n<\/ul>\n<\/li>\n<\/ul>\n<ul>\n<li>\n<h5>International<\/h5>\n<ul>\n<li>World Orienteering Champs (WOC)\n<ul>\n<li>13\u00e8me Relais &#8211; 2012 (SUI)<\/li>\n<li>23\u00e8me Longue distance &#8211; 2007 (UKR)<\/li>\n<li>28\u00e8me Moyenne distance &#8211; 2010 (NOR)<\/li>\n<li>29\u00e8me Moyenne distance &#8211; 2004 (SWE)<\/li>\n<li>31\u00e8me Longue distance &#8211; 2008 (CZE)<\/li>\n<li>32\u00e8me Longue distance &#8211; 2004 (SWE)<\/li>\n<li>34\u00e8me Sprint distance &#8211; 2011 (FRA)<\/li>\n<li>3\u00e8me premier relais &#8211; 2003 (SUI)<\/li>\n<li>6\u00e8me premier relais &#8211; 1999 (GBR)<\/li>\n<\/ul>\n<\/li>\n<li>European Orienteering Champs (EOC)\n<ul>\n<li>16\u00e8me Longue distance &#8211; 2004 (DEN)<\/li>\n<\/ul>\n<\/li>\n<li>World Cup\n<ul>\n<li>7\u00e8me Relais &#8211; 2002 (SUI)<\/li>\n<li>16\u00e8me Longue distance &#8211; 2004 (DEN)<\/li>\n<li>19\u00e8me Moyenne distance &#8211; 2008 (SUI)<\/li>\n<li>23\u00e8me Longue distance &#8211; 2007 (UKR)<\/li>\n<li>24\u00e8me Longue distance &#8211; 2002 (SWE)<\/li>\n<li>26\u00e8me Moyenne distance &#8211; 2002 (BEL)<\/li>\n<li>28\u00e8me Moyenne distance &#8211; 2010 (NOR)<\/li>\n<li>29\u00e8me Moyenne distance &#8211; 2004 (SWE)<\/li>\n<li>30\u00e8me Sprint distance &#8211; 2008 (SUI)<\/li>\n<li>30\u00e8me Longue distance &#8211; 2002 (CZE)<\/li>\n<\/ul>\n<\/li>\n<li>Nordic Orienteering Champs (NOC)\n<ul>\n<li>20\u00e8me Sprint distance &#8211; 2005 (NOR)<\/li>\n<li>26\u00e8me Longue distance &#8211; 2005 (NOR)<\/li>\n<\/ul>\n<\/li>\n<li>\u00a0Jukola\n<ul>\n<li>3\u00e8me premier relais &#8211; 2007 (FIN)<\/li>\n<\/ul>\n<\/li>\n<li>O-Festivalen\n<ul>\n<li>5\u00e8me premier relais &#8211; 2007 (NOR)<\/li>\n<\/ul>\n<\/li>\n<li>Park World Tour\n<ul>\n<li>9\u00e8me sprint &#8211; 2008 (ITA)<\/li>\n<\/ul>\n<\/li>\n<li>25 manna korten\n<ul>\n<li>6\u00e8me Moyenne distance &#8211; 2003 (SWE)<\/li>\n<\/ul>\n<\/li>\n<li>5 jours de Croatie\n<ul>\n<li>3\u00e8me au g\u00e9n\u00e9ral &#8211; 2014 (CRO)<\/li>\n<\/ul>\n<\/li>\n<\/ul>\n<\/li>\n<\/ul>\n<p><\/div>\n<p>&nbsp;<\/p>\n<h2>Athl\u00e9tisme<\/h2>\n<h4>Cross Country &amp; course de montagne<\/h4>\n<blockquote><p>2 titres provinciaux en cross \/ 2\u00e8me chps Belgique francophone en cross \/ 2\u00e8me chps Belgique en course de montagne \/ 34\u00e8me chps Europe en course de montagne<\/p><\/blockquote>\n<input type='hidden' bg_collapse_expand='69f2b30e080b35034790449' value='69f2b30e080b35034790449'><input type='hidden' id='bg-show-more-text-69f2b30e080b35034790449' value='Show More'><input type='hidden' id='bg-show-less-text-69f2b30e080b35034790449' value='Show Less'><button id='bg-showmore-action-69f2b30e080b35034790449' class='bg-showmore-plg-button bg-orange-button  '   style=\" color:#4a4949;\">Show More<\/button><div id='bg-showmore-hidden-69f2b30e080b35034790449' ><\/p>\n<ul>\n<li>\n<h5>Belgique<\/h5>\n<ul>\n<li>Championnats provinciaux de Cross-Country (Namur)\n<ul>\n<li>1er en cat\u00e9gorie junior &#8211; 1995 (BEL)<\/li>\n<li>1er en cat\u00e9gorie senior &#8211; 2004 (BEL)<\/li>\n<\/ul>\n<\/li>\n<li>Championnats francophones de Cross-Country (LBFA)\n<ul>\n<li>2\u00e8me en cat\u00e9gorie espoir &#8211; 1999 (BEL)<\/li>\n<\/ul>\n<\/li>\n<li>Championnats de Belgique de course de montagne (LRBA)\n<ul>\n<li>2\u00e8me en cat\u00e9gorie senior &#8211; 2010 (BEL)<\/li>\n<\/ul>\n<\/li>\n<li>Cr\u00eates de Spa\n<ul>\n<li>2\u00e8me en cat\u00e9gorie senior &#8211; 2012 (BEL)<\/li>\n<\/ul>\n<\/li>\n<\/ul>\n<\/li>\n<li>\n<h5>International<\/h5>\n<ul>\n<li>Championnats d&#8217;Europe de course de montagne (European Athletics)\n<ul>\n<li>34\u00e8me en cat\u00e9gorie senior &#8211; 2010 (BUL)<\/li>\n<\/ul>\n<\/li>\n<\/ul>\n<\/li>\n<\/ul>\n<p><\/div>\n<p>&nbsp;<\/p>\n","protected":false},"excerpt":{"rendered":"<p>Plus d&#8217;infos sur Worldofo Plus d&#8217;infos sur Eventor R\u00e9sultats d\u00e9taill\u00e9s via dbsportars Plus de r\u00e9sultats et cartes sur mon Doma &nbsp; Orienteering Junior (H18 &#8211; H20 : 1995\/1998) 6 titres chps Belgique \/ 1 titre chps France \/ 2 titres chps Pays Latins \/ 2* top 10 chps Europe \/ 2* top 20 chps mondiaux&hellip;&nbsp;<a href=\"https:\/\/pasquasy.be\/home\/?page_id=37\" class=\"\" rel=\"bookmark\">Read More &raquo;<span class=\"screen-reader-text\">Palmar\u00e8s<\/span><\/a><\/p>\n","protected":false},"author":1,"featured_media":0,"parent":0,"menu_order":0,"comment_status":"closed","ping_status":"closed","template":"","meta":{"neve_meta_sidebar":"","neve_meta_container":"","neve_meta_enable_content_width":"off","neve_meta_content_width":100,"neve_meta_title_alignment":"","neve_meta_author_avatar":"","neve_post_elements_order":"","neve_meta_disable_header":"","neve_meta_disable_footer":"","neve_meta_disable_title":"","_themeisle_gutenberg_block_has_review":false},"_links":{"self":[{"href":"https:\/\/pasquasy.be\/home\/index.php?rest_route=\/wp\/v2\/pages\/37"}],"collection":[{"href":"https:\/\/pasquasy.be\/home\/index.php?rest_route=\/wp\/v2\/pages"}],"about":[{"href":"https:\/\/pasquasy.be\/home\/index.php?rest_route=\/wp\/v2\/types\/page"}],"author":[{"embeddable":true,"href":"https:\/\/pasquasy.be\/home\/index.php?rest_route=\/wp\/v2\/users\/1"}],"replies":[{"embeddable":true,"href":"https:\/\/pasquasy.be\/home\/index.php?rest_route=%2Fwp%2Fv2%2Fcomments&post=37"}],"version-history":[{"count":92,"href":"https:\/\/pasquasy.be\/home\/index.php?rest_route=\/wp\/v2\/pages\/37\/revisions"}],"predecessor-version":[{"id":399,"href":"https:\/\/pasquasy.be\/home\/index.php?rest_route=\/wp\/v2\/pages\/37\/revisions\/399"}],"wp:attachment":[{"href":"https:\/\/pasquasy.be\/home\/index.php?rest_route=%2Fwp%2Fv2%2Fmedia&parent=37"}],"curies":[{"name":"wp","href":"https:\/\/api.w.org\/{rel}","templated":true}]}}