{"id":2,"date":"2016-04-06T22:07:42","date_gmt":"2016-04-06T21:07:42","guid":{"rendered":"http:\/\/pasquasy.be\/home\/?page_id=2"},"modified":"2022-01-23T14:49:30","modified_gmt":"2022-01-23T13:49:30","slug":"coaching_official","status":"publish","type":"page","link":"https:\/\/pasquasy.be\/home\/?page_id=2","title":{"rendered":"Coaching"},"content":{"rendered":"<ul>\n<li>Coach \/ conseiller technique de l&#8217;\u00e9quipe <a href=\"https:\/\/www.bearrows.be\/\" target=\"_blank\" rel=\"noopener\">Be Arrows<\/a> (\u00e9quipe flamande de course d&#8217;orientation) :<\/li>\n<\/ul>\n<blockquote><p>Contact : <a href=\"mailto:fabien@bearrows.be\">fabien@bearrows.be<\/a><\/p><\/blockquote>\n<p><a href=\"https:\/\/www.bearrows.be\/\" target=\"_blank\" rel=\"noopener\"><img loading=\"lazy\" class=\"size-large wp-image-335 aligncenter\" src=\"http:\/\/pasquasy.be\/home\/wp-content\/uploads\/2022\/01\/Be_Arrows-1024x521.jpg\" alt=\"\" width=\"1024\" height=\"521\" srcset=\"https:\/\/pasquasy.be\/home\/wp-content\/uploads\/2022\/01\/Be_Arrows-1024x521.jpg 1024w, https:\/\/pasquasy.be\/home\/wp-content\/uploads\/2022\/01\/Be_Arrows-300x153.jpg 300w, https:\/\/pasquasy.be\/home\/wp-content\/uploads\/2022\/01\/Be_Arrows-768x391.jpg 768w, https:\/\/pasquasy.be\/home\/wp-content\/uploads\/2022\/01\/Be_Arrows-1536x781.jpg 1536w, https:\/\/pasquasy.be\/home\/wp-content\/uploads\/2022\/01\/Be_Arrows.jpg 1577w\" sizes=\"(max-width: 1024px) 100vw, 1024px\" \/><\/a><\/p>\n<ul>\n<li>plus de 700 entra\u00eenements de club en Belgique (\u00e9cole d&#8217;orientation HOC &amp; stages jeunes et \/ ou \u00e9lites) :<\/li>\n<\/ul>\n<input type='hidden' bg_collapse_expand='69f57404705064021047387' value='69f57404705064021047387'><input type='hidden' id='bg-show-more-text-69f57404705064021047387' value='Show More'><input type='hidden' id='bg-show-less-text-69f57404705064021047387' value='Show Less'><button id='bg-showmore-action-69f57404705064021047387' class='bg-showmore-plg-button bg-orange-button  '   style=\" color:#4a4949;\">Show More<\/button><div id='bg-showmore-hidden-69f57404705064021047387' ><\/p>\n<p>Equipes \/ clubs en stage :<\/p>\n<ul>\n<li style=\"list-style-type: none;\">\n<ul>\n<li>Orientation Team Besan\u00e7on (France) \u2013 2008 ;<\/li>\n<li>BABA (Belgique) \u2013 2008 ;<\/li>\n<li>OSCM (Belgique) \u2013 2008 ;<\/li>\n<li>Stage des pupilles FRSO (Belgique) \u2013 2009 ;<\/li>\n<li>BABA (Belgique) \u2013 2009 ;<\/li>\n<li>OSCM (Belgique) \u2013 2009 ;<\/li>\n<li>ASUB (Belgique) \u2013 2011 ;<\/li>\n<li>OMEGA (Belgique) \u2013 2012 ;<\/li>\n<li>Orientation Team Besan\u00e7on (France) \u2013 2014 ;<\/li>\n<li>Stage des jeunes de l\u2019ASUB (Belgique) \u2013 2015 ;<\/li>\n<li>Stage des Elites J\u00e4rfalla (Su\u00e8de) \u2013 2015 ;<\/li>\n<li>Stage des Espoirs VVO (Belgique) \u2013 2015 ;<\/li>\n<li>Stage des Juniors VVO (Belgique) \u2013 2015 ;<\/li>\n<li>Stage de l\u2019\u00e9quipe sprint Seniors VVO (Belgique) \u2013 2015 ;<\/li>\n<li>Stage de l\u2019ARDOC (Belgique) \u2013 2015 ;<\/li>\n<li>Stage des Espoirs Aarau (Suisse) encadr\u00e9 par Matthias M\u00fcller (champion du monde 2010) \u2013 2015 ;<\/li>\n<li>Stage des Elites du TAD (France) \u2013 2016 ;<\/li>\n<li>Stage du CO-Li\u00e8ge (Belgique) \u2013 2016 ;<\/li>\n<li>Stage de l\u2019\u00e9quipe Nationale militaire (Belgique) \u2013 2017 ;<\/li>\n<li>Stage de l\u2019Orienteering Vlaanderen (Belgique) \u2013 2019 ;<\/li>\n<li>M\u00e9gastage FRSO (Belgique) \u2013 2020 ;<\/li>\n<li>Stage du club Vervins Orientation (France) \u2013 2020 ;<\/li>\n<li>Stage Espoirs \/ Juniors et Seniors OV et FRSO (Belgique) \u2013 2020 ;<\/li>\n<li>Stage des jeunes de l\u2019ASUB (Belgique) \u2013 2021 ;<\/li>\n<li>Stage de l\u2019\u00e9quipe Nationale militaire (Belgique) \u2013 2021 ;<\/li>\n<li>Stage Espoirs \/ Juniors et Seniors OV et FRSO (Belgique) \u2013 2021 ;<\/li>\n<\/ul>\n<\/li>\n<\/ul>\n<p><\/div>\n<ul>\n<li>tra\u00e7age et coordinateur de plus d&#8217;une quinzaine de courses r\u00e9gionales (HOCup &amp; Karrim&#8217;HOC) et nationales (championnats compris) en Belgique ;<\/li>\n<li>suivi de projets, \u00e9ditions, corrections d&#8217;une trentaine de cartes d&#8217;orientation (normes ISOM et ISprOM) ;<\/li>\n<li>plus de 100 s\u00e9ances de coaching (course d&#8217;orientation) pour des grandes entreprises priv\u00e9es en collaboration avec les soci\u00e9t\u00e9s ci-dessous :<\/li>\n<\/ul>\n<blockquote><p>Contact : <a href=\"mailto:fabien@pasquasy.be\">fabien@pasquasy.be<\/a><\/p><\/blockquote>\n<table style=\"border-collapse: collapse; width: 100%;\">\n<tbody>\n<tr>\n<td style=\"width: 33.3333%;\"><a href=\"https:\/\/www.people-first.be\/fr\/\" target=\"_blank\" rel=\"noopener noreferrer\"><img loading=\"lazy\" class=\"aligncenter wp-image-127 size-full\" src=\"http:\/\/pasquasy.be\/home\/wp-content\/uploads\/2020\/06\/People_First.jpg\" alt=\"\" width=\"145\" height=\"93\" \/><\/a><\/td>\n<td style=\"width: 33.3333%;\"><a href=\"https:\/\/www.team-out.be\/\" target=\"_blank\" rel=\"noopener noreferrer\"><img loading=\"lazy\" class=\"aligncenter wp-image-126 size-full\" src=\"http:\/\/pasquasy.be\/home\/wp-content\/uploads\/2020\/06\/Team_Out.jpg\" alt=\"\" width=\"166\" height=\"56\" \/><\/a><\/td>\n<td style=\"width: 33.3333%;\"><a href=\"https:\/\/ecorga.be\/\" target=\"_blank\" rel=\"noopener noreferrer\"><img loading=\"lazy\" class=\"aligncenter wp-image-128\" src=\"http:\/\/pasquasy.be\/home\/wp-content\/uploads\/2020\/06\/Logo-ECORGA-300x134.png\" alt=\"\" width=\"166\" height=\"74\" srcset=\"https:\/\/pasquasy.be\/home\/wp-content\/uploads\/2020\/06\/Logo-ECORGA-300x134.png 300w, https:\/\/pasquasy.be\/home\/wp-content\/uploads\/2020\/06\/Logo-ECORGA-1024x456.png 1024w, https:\/\/pasquasy.be\/home\/wp-content\/uploads\/2020\/06\/Logo-ECORGA-768x342.png 768w, https:\/\/pasquasy.be\/home\/wp-content\/uploads\/2020\/06\/Logo-ECORGA.png 1402w\" sizes=\"(max-width: 166px) 100vw, 166px\" \/><\/a><\/td>\n<\/tr>\n<\/tbody>\n<\/table>\n<p>&nbsp;<\/p>\n","protected":false},"excerpt":{"rendered":"<p>Coach \/ conseiller technique de l&#8217;\u00e9quipe Be Arrows (\u00e9quipe flamande de course d&#8217;orientation) : Contact : fabien@bearrows.be plus de 700 entra\u00eenements de club en Belgique (\u00e9cole d&#8217;orientation HOC &amp; stages jeunes et \/ ou \u00e9lites) : tra\u00e7age et coordinateur de plus d&#8217;une quinzaine de courses r\u00e9gionales (HOCup &amp; Karrim&#8217;HOC) et nationales (championnats compris) en Belgique&hellip;&nbsp;<a href=\"https:\/\/pasquasy.be\/home\/?page_id=2\" class=\"\" rel=\"bookmark\">Read More &raquo;<span class=\"screen-reader-text\">Coaching<\/span><\/a><\/p>\n","protected":false},"author":1,"featured_media":0,"parent":0,"menu_order":0,"comment_status":"closed","ping_status":"open","template":"","meta":{"neve_meta_sidebar":"","neve_meta_container":"","neve_meta_enable_content_width":"off","neve_meta_content_width":100,"neve_meta_title_alignment":"","neve_meta_author_avatar":"","neve_post_elements_order":"","neve_meta_disable_header":"","neve_meta_disable_footer":"","neve_meta_disable_title":"","_themeisle_gutenberg_block_has_review":false},"_links":{"self":[{"href":"https:\/\/pasquasy.be\/home\/index.php?rest_route=\/wp\/v2\/pages\/2"}],"collection":[{"href":"https:\/\/pasquasy.be\/home\/index.php?rest_route=\/wp\/v2\/pages"}],"about":[{"href":"https:\/\/pasquasy.be\/home\/index.php?rest_route=\/wp\/v2\/types\/page"}],"author":[{"embeddable":true,"href":"https:\/\/pasquasy.be\/home\/index.php?rest_route=\/wp\/v2\/users\/1"}],"replies":[{"embeddable":true,"href":"https:\/\/pasquasy.be\/home\/index.php?rest_route=%2Fwp%2Fv2%2Fcomments&post=2"}],"version-history":[{"count":19,"href":"https:\/\/pasquasy.be\/home\/index.php?rest_route=\/wp\/v2\/pages\/2\/revisions"}],"predecessor-version":[{"id":352,"href":"https:\/\/pasquasy.be\/home\/index.php?rest_route=\/wp\/v2\/pages\/2\/revisions\/352"}],"wp:attachment":[{"href":"https:\/\/pasquasy.be\/home\/index.php?rest_route=%2Fwp%2Fv2%2Fmedia&parent=2"}],"curies":[{"name":"wp","href":"https:\/\/api.w.org\/{rel}","templated":true}]}}